{"id":5284,"date":"2025-12-17T14:40:31","date_gmt":"2025-12-17T11:40:31","guid":{"rendered":"https:\/\/www.framocompany.fi\/BIM\/careers\/"},"modified":"2026-02-19T02:23:33","modified_gmt":"2026-02-18T23:23:33","slug":"careers","status":"publish","type":"page","link":"https:\/\/www.blueimport.fi\/en\/careers\/","title":{"rendered":"Careers"},"content":{"rendered":"\t\t<div data-elementor-type=\"wp-page\" data-elementor-id=\"5284\" class=\"elementor elementor-5284 elementor-4055\" data-elementor-post-type=\"page\">\n\t\t\t\t<div class=\"elementor-element elementor-element-8bb9d9b e-flex e-con-boxed e-con e-child\" data-id=\"8bb9d9b\" data-element_type=\"container\" data-e-type=\"container\" data-settings=\"{&quot;background_background&quot;:&quot;classic&quot;,&quot;sticky&quot;:&quot;top&quot;,&quot;sticky_on&quot;:[&quot;widescreen&quot;,&quot;desktop&quot;,&quot;tablet&quot;,&quot;mobile&quot;],&quot;sticky_offset&quot;:0,&quot;sticky_effects_offset&quot;:0,&quot;sticky_anchor_link_offset&quot;:0}\">\n\t\t\t\t\t<div class=\"e-con-inner\">\n\t\t\t\t\t<\/div>\n\t\t\t\t<\/div>\n\t\t<div class=\"elementor-element elementor-element-952ded3 e-flex e-con-boxed e-con e-parent\" data-id=\"952ded3\" data-element_type=\"container\" data-e-type=\"container\" data-settings=\"{&quot;background_background&quot;:&quot;classic&quot;}\">\n\t\t\t\t\t<div class=\"e-con-inner\">\n\t\t<div class=\"elementor-element elementor-element-f92745e e-con-full e-flex e-con e-child\" data-id=\"f92745e\" data-element_type=\"container\" data-e-type=\"container\">\n\t\t\t\t<div class=\"elementor-element elementor-element-d9ec116 elementor-widget elementor-widget-heading\" data-id=\"d9ec116\" data-element_type=\"widget\" data-e-type=\"widget\" data-widget_type=\"heading.default\">\n\t\t\t\t<div class=\"elementor-widget-container\">\n\t\t\t\t\t<h2 class=\"elementor-heading-title elementor-size-default\">Careers with Us<\/h2>\t\t\t\t<\/div>\n\t\t\t\t<\/div>\n\t\t\t\t<div class=\"elementor-element elementor-element-2db58e1 elementor-widget elementor-widget-heading\" data-id=\"2db58e1\" data-element_type=\"widget\" data-e-type=\"widget\" data-widget_type=\"heading.default\">\n\t\t\t\t<div class=\"elementor-widget-container\">\n\t\t\t\t\t<h2 class=\"elementor-heading-title elementor-size-default\">Help Build Everyday Life With Us<\/h2>\t\t\t\t<\/div>\n\t\t\t\t<\/div>\n\t\t\t\t<\/div>\n\t\t<div class=\"elementor-element elementor-element-cc10c47 e-con-full e-flex e-con e-child\" data-id=\"cc10c47\" data-element_type=\"container\" data-e-type=\"container\">\n\t\t\t\t<div class=\"elementor-element elementor-element-69626b1 elementor-widget elementor-widget-text-editor\" data-id=\"69626b1\" data-element_type=\"widget\" data-e-type=\"widget\" data-widget_type=\"text-editor.default\">\n\t\t\t\t<div class=\"elementor-widget-container\">\n\t\t\t\t\t\t\t\t\t<p>Blue Import BIM Oy is a growing Finnish expert in importing and wholesale.<br \/>We are united by a practical, hands-on mindset, a strong can-do attitude, and a shared desire to develop and grow together. We are looking for professionals who value stability, responsibility, and teamwork to join our team.<\/p>\n<p>We employ around 40 professionals working in logistics, sales, product management, and administration. We value a positive working atmosphere, open and straightforward communication, and the individual expertise of every employee.<\/p>\n\t\t\t\t\t\t\t\t<\/div>\n\t\t\t\t<\/div>\n\t\t\t\t<\/div>\n\t\t\t\t\t<\/div>\n\t\t\t\t<\/div>\n\t\t<div class=\"elementor-element elementor-element-8d75380 e-flex e-con-boxed e-con e-parent\" data-id=\"8d75380\" data-element_type=\"container\" data-e-type=\"container\" data-settings=\"{&quot;background_background&quot;:&quot;classic&quot;}\">\n\t\t\t\t\t<div class=\"e-con-inner\">\n\t\t<div class=\"elementor-element elementor-element-2d3577e e-con-full e-flex e-con e-child\" data-id=\"2d3577e\" data-element_type=\"container\" data-e-type=\"container\" data-settings=\"{&quot;background_background&quot;:&quot;classic&quot;}\">\n\t\t\t\t<div class=\"elementor-element elementor-element-dc0d234 elementor-widget elementor-widget-heading\" data-id=\"dc0d234\" data-element_type=\"widget\" data-e-type=\"widget\" data-widget_type=\"heading.default\">\n\t\t\t\t<div class=\"elementor-widget-container\">\n\t\t\t\t\t<h2 class=\"elementor-heading-title elementor-size-default\">OPEN APPLICATION<\/h2>\t\t\t\t<\/div>\n\t\t\t\t<\/div>\n\t\t\t\t<div class=\"elementor-element elementor-element-4345816 elementor-widget elementor-widget-heading\" data-id=\"4345816\" data-element_type=\"widget\" data-e-type=\"widget\" data-widget_type=\"heading.default\">\n\t\t\t\t<div class=\"elementor-widget-container\">\n\t\t\t\t\t<h2 class=\"elementor-heading-title elementor-size-default\">Career at Blue Import BIM \u2013 Submit an Open Application<\/h2>\t\t\t\t<\/div>\n\t\t\t\t<\/div>\n\t\t\t\t<div class=\"elementor-element elementor-element-efd788e elementor-widget elementor-widget-text-editor\" data-id=\"efd788e\" data-element_type=\"widget\" data-e-type=\"widget\" data-widget_type=\"text-editor.default\">\n\t\t\t\t<div class=\"elementor-widget-container\">\n\t\t\t\t\t\t\t\t\t<p>Haluaisitko ty\u00f6skennell\u00e4 kanssamme?<\/p>\n<p>Etsimme jatkuvasti uusia osaajia vahvistamaan tiimi\u00e4mme. Vaikka juuri nyt ei olisi avoinna sinulle sopivaa paikkaa, kuulemme mielell\u00e4mme lis\u00e4\u00e4 sinusta ja osaamisestasi.<\/p>\n<p>J\u00e4t\u00e4 avoin hakemus ja kerro, millaisista teht\u00e4vist\u00e4 olet kiinnostunut. K\u00e4ymme hakemuksia l\u00e4pi s\u00e4\u00e4nn\u00f6llisesti ja otamme sinuun yhteytt\u00e4, jos profiilisi sopii tuleviin rekrytointeihimme.<\/p>\n<p>Meill\u00e4 arvostetaan yhteisty\u00f6t\u00e4, vastuullisuutta ja halua kehitty\u00e4 \u2013 ja ennen kaikkea ihmisi\u00e4. Tuo osaamisesi meille, niin rakennetaan tulevaisuutta yhdess\u00e4.<\/p>\n<p>L\u00e4het\u00e4 avoin hakemus osoitteeseen:<br>rekry@blueimport.fi<\/p>\t\t\t\t\t\t\t\t<\/div>\n\t\t\t\t<\/div>\n\t\t\t\t<\/div>\n\t\t<div class=\"elementor-element elementor-element-524ab68 e-con-full e-flex e-con e-child\" data-id=\"524ab68\" data-element_type=\"container\" data-e-type=\"container\" data-settings=\"{&quot;background_background&quot;:&quot;classic&quot;}\">\n\t\t\t\t<\/div>\n\t\t\t\t\t<\/div>\n\t\t\t\t<\/div>\n\t\t\t\t<\/div>\n\t\t","protected":false},"excerpt":{"rendered":"<p>Careers with Us Help Build Everyday Life With Us Blue Import BIM Oy is a growing Finnish expert in importing and wholesale.We are united by a practical, hands-on mindset, a strong can-do attitude, and a shared desire to develop and grow together. We are looking for professionals who value stability, responsibility, and teamwork to join [&hellip;]<\/p>\n","protected":false},"author":8,"featured_media":0,"parent":0,"menu_order":0,"comment_status":"closed","ping_status":"closed","template":"","meta":{"footnotes":""},"yst_prominent_words":[],"class_list":["post-5284","page","type-page","status-publish","hentry"],"_links":{"self":[{"href":"https:\/\/www.blueimport.fi\/en\/wp-json\/wp\/v2\/pages\/5284","targetHints":{"allow":["GET"]}}],"collection":[{"href":"https:\/\/www.blueimport.fi\/en\/wp-json\/wp\/v2\/pages"}],"about":[{"href":"https:\/\/www.blueimport.fi\/en\/wp-json\/wp\/v2\/types\/page"}],"author":[{"embeddable":true,"href":"https:\/\/www.blueimport.fi\/en\/wp-json\/wp\/v2\/users\/8"}],"replies":[{"embeddable":true,"href":"https:\/\/www.blueimport.fi\/en\/wp-json\/wp\/v2\/comments?post=5284"}],"version-history":[{"count":4,"href":"https:\/\/www.blueimport.fi\/en\/wp-json\/wp\/v2\/pages\/5284\/revisions"}],"predecessor-version":[{"id":5851,"href":"https:\/\/www.blueimport.fi\/en\/wp-json\/wp\/v2\/pages\/5284\/revisions\/5851"}],"wp:attachment":[{"href":"https:\/\/www.blueimport.fi\/en\/wp-json\/wp\/v2\/media?parent=5284"}],"wp:term":[{"taxonomy":"yst_prominent_words","embeddable":true,"href":"https:\/\/www.blueimport.fi\/en\/wp-json\/wp\/v2\/yst_prominent_words?post=5284"}],"curies":[{"name":"wp","href":"https:\/\/api.w.org\/{rel}","templated":true}]}}